{"id":115,"date":"2024-05-08T16:53:33","date_gmt":"2024-05-08T14:53:33","guid":{"rendered":"https:\/\/ninamichoux.com\/?page_id=115"},"modified":"2024-05-22T14:57:59","modified_gmt":"2024-05-22T12:57:59","slug":"test-test","status":"publish","type":"page","link":"https:\/\/ninamichoux.com\/?page_id=115","title":{"rendered":"Qui suis-je ?"},"content":{"rendered":"\n<div class=\"wp-block-columns is-layout-flex wp-container-core-columns-is-layout-28f84493 wp-block-columns-is-layout-flex\">\n<div class=\"wp-block-column is-vertically-aligned-center is-layout-flow wp-container-core-column-is-layout-7ce91f8e wp-block-column-is-layout-flow\" style=\"padding-top:0;padding-right:0;padding-bottom:0;padding-left:0;flex-basis:100%\">\n<figure class=\"wp-block-image aligncenter size-large is-resized\"><img fetchpriority=\"high\" decoding=\"async\" width=\"1024\" height=\"1024\" src=\"https:\/\/ninamichoux.com\/wp-content\/uploads\/2024\/05\/IMG_20240323_175323-04-1024x1024.jpeg\" alt=\"\" class=\"wp-image-181\" style=\"width:390px;height:auto\" srcset=\"https:\/\/ninamichoux.com\/wp-content\/uploads\/2024\/05\/IMG_20240323_175323-04-1024x1024.jpeg 1024w, https:\/\/ninamichoux.com\/wp-content\/uploads\/2024\/05\/IMG_20240323_175323-04-300x300.jpeg 300w, https:\/\/ninamichoux.com\/wp-content\/uploads\/2024\/05\/IMG_20240323_175323-04-150x150.jpeg 150w, https:\/\/ninamichoux.com\/wp-content\/uploads\/2024\/05\/IMG_20240323_175323-04-768x767.jpeg 768w, https:\/\/ninamichoux.com\/wp-content\/uploads\/2024\/05\/IMG_20240323_175323-04-1536x1534.jpeg 1536w, https:\/\/ninamichoux.com\/wp-content\/uploads\/2024\/05\/IMG_20240323_175323-04-2048x2045.jpeg 2048w\" sizes=\"(max-width: 1024px) 100vw, 1024px\" \/><\/figure>\n<\/div>\n<\/div>\n\n\n\n<hr class=\"wp-block-separator has-alpha-channel-opacity\"\/>\n\n\n\n<p>Je m\u2019appelle Nina Michoux, et s\u2019il y a bien une chose en-dehors de mon nom qui me d\u00e9finit plus que tout depuis mon enfance, c\u2019est ma passion pour le monde animal.<\/p>\n\n\n\n<p>La vie et ses \u00e9v\u00e8nements m\u2019ont toutefois men\u00e9e \u00e0 commencer ma carri\u00e8re dans l\u2019enseignement de l\u2019anglais. En plus de me permettre de ma\u00eetriser couramment la langue de Shakespeare, cela a contribu\u00e9 au d\u00e9veloppement d\u2019un contact privil\u00e9gi\u00e9 avec les adolescents, un public dont je me sens encore aujourd\u2019hui tr\u00e8s proche.&nbsp;<\/p>\n\n\n\n<p>Mais apr\u00e8s un \u00e9v\u00e8nement familial compliqu\u00e9, j\u2019ai d\u00e9cid\u00e9 de vivre pour ce qui me rendait r\u00e9ellement heureuse. Passionn\u00e9e d\u2019\u00e9quitation et plus particuli\u00e8rement du jeune cheval, j\u2019ai alors r\u00e9alis\u00e9 mon r\u00eave de petite fille en accueillant mon propre poulain. <\/p>\n\n\n\n<p>En parall\u00e8le, m\u00eame si l\u2019enseignement me plaisait, je sentais que ma vocation \u00e9tait ailleurs. Apr\u00e8s une lecture sur la communication animale, j\u2019ai eu un d\u00e9clic. Pendant pr\u00e8s d\u20191 an et demi, j\u2019ai alors suivi la formation propos\u00e9e par l\u2019auteure au sein de son \u00e9cole. <\/p>\n\n\n\n<p>Aupr\u00e8s des animaux, j\u2019ai r\u00e9appris \u00e0 voir le monde comme je le ressentais \u00e9tant enfant, je me suis sentie vibrer, \u00e0 ma place, comme reconnect\u00e9e \u00e0 mon moi profond. J\u2019ai ainsi compris qu\u2019il \u00e9tait temps pour moi de faire de ma passion un m\u00e9tier.<\/p>\n\n\n\n<p><\/p>\n\n\n\n<p><\/p>\n","protected":false},"excerpt":{"rendered":"<p>Je m\u2019appelle Nina Michoux, et s\u2019il y a bien une chose en-dehors de mon nom qui me d\u00e9finit plus que tout depuis mon enfance, c\u2019est ma passion pour le monde animal. La vie et ses \u00e9v\u00e8nements m\u2019ont toutefois men\u00e9e \u00e0 commencer ma carri\u00e8re dans l\u2019enseignement de l\u2019anglais. En plus de me permettre de ma\u00eetriser couramment [&hellip;]<\/p>\n","protected":false},"author":2,"featured_media":0,"parent":0,"menu_order":0,"comment_status":"closed","ping_status":"closed","template":"","meta":{"footnotes":""},"class_list":["post-115","page","type-page","status-publish","hentry"],"_links":{"self":[{"href":"https:\/\/ninamichoux.com\/index.php?rest_route=\/wp\/v2\/pages\/115","targetHints":{"allow":["GET"]}}],"collection":[{"href":"https:\/\/ninamichoux.com\/index.php?rest_route=\/wp\/v2\/pages"}],"about":[{"href":"https:\/\/ninamichoux.com\/index.php?rest_route=\/wp\/v2\/types\/page"}],"author":[{"embeddable":true,"href":"https:\/\/ninamichoux.com\/index.php?rest_route=\/wp\/v2\/users\/2"}],"replies":[{"embeddable":true,"href":"https:\/\/ninamichoux.com\/index.php?rest_route=%2Fwp%2Fv2%2Fcomments&post=115"}],"version-history":[{"count":28,"href":"https:\/\/ninamichoux.com\/index.php?rest_route=\/wp\/v2\/pages\/115\/revisions"}],"predecessor-version":[{"id":295,"href":"https:\/\/ninamichoux.com\/index.php?rest_route=\/wp\/v2\/pages\/115\/revisions\/295"}],"wp:attachment":[{"href":"https:\/\/ninamichoux.com\/index.php?rest_route=%2Fwp%2Fv2%2Fmedia&parent=115"}],"curies":[{"name":"wp","href":"https:\/\/api.w.org\/{rel}","templated":true}]}}