{"id":238,"date":"2024-05-21T12:06:18","date_gmt":"2024-05-21T10:06:18","guid":{"rendered":"https:\/\/ninamichoux.com\/?page_id=238"},"modified":"2024-07-05T11:44:22","modified_gmt":"2024-07-05T09:44:22","slug":"pourquoi-pour-qui","status":"publish","type":"page","link":"https:\/\/ninamichoux.com\/?page_id=238","title":{"rendered":"Pourquoi, pour qui ?"},"content":{"rendered":"\n<figure class=\"wp-block-image aligncenter size-large is-resized\"><img fetchpriority=\"high\" decoding=\"async\" width=\"1024\" height=\"768\" src=\"https:\/\/ninamichoux.com\/wp-content\/uploads\/2024\/05\/370115238_865524895161685_102395738782519314_n-1-1024x768.jpg\" alt=\"\" class=\"wp-image-240\" style=\"width:611px;height:auto\" srcset=\"https:\/\/ninamichoux.com\/wp-content\/uploads\/2024\/05\/370115238_865524895161685_102395738782519314_n-1-1024x768.jpg 1024w, https:\/\/ninamichoux.com\/wp-content\/uploads\/2024\/05\/370115238_865524895161685_102395738782519314_n-1-300x225.jpg 300w, https:\/\/ninamichoux.com\/wp-content\/uploads\/2024\/05\/370115238_865524895161685_102395738782519314_n-1-768x576.jpg 768w, https:\/\/ninamichoux.com\/wp-content\/uploads\/2024\/05\/370115238_865524895161685_102395738782519314_n-1-1536x1152.jpg 1536w, https:\/\/ninamichoux.com\/wp-content\/uploads\/2024\/05\/370115238_865524895161685_102395738782519314_n-1.jpg 2048w\" sizes=\"(max-width: 1024px) 100vw, 1024px\" \/><\/figure>\n\n\n\n<hr class=\"wp-block-separator has-alpha-channel-opacity\"\/>\n\n\n\n<p class=\"has-text-align-center\">Liste de raisons pouvant amener \u00e0 faire appel \u00e0 une communication animale&nbsp;:<\/p>\n\n\n\n<div class=\"wp-block-group alignfull is-layout-constrained wp-container-core-group-is-layout-03d0b330 wp-block-group-is-layout-constrained\" style=\"margin-top:0px;margin-bottom:0px;padding-top:30px;padding-bottom:30px\">\n<div class=\"wp-block-columns alignwide is-layout-flex wp-container-core-columns-is-layout-cbe57604 wp-block-columns-is-layout-flex\">\n<div class=\"wp-block-column is-layout-flow wp-block-column-is-layout-flow\" style=\"flex-basis:33.34%\">\n<div class=\"wp-block-group has-ti-bg-alt-background-color has-background is-layout-constrained wp-container-core-group-is-layout-54d875c6 wp-block-group-is-layout-constrained\" style=\"border-radius:5px;padding-top:32px;padding-right:32px;padding-bottom:32px;padding-left:32px\">\n<h3 class=\"wp-block-heading has-text-align-center has-medium-font-size\">Probl\u00e8me de comportement<\/h3>\n\n\n\n<p class=\"has-text-align-center\">Votre animal pr\u00e9sente des signes d&rsquo;inconfort que le v\u00e9t\u00e9rinaire n\u2019arrive pas \u00e0 expliquer (morsure, malpropret\u00e9, etc.)<\/p>\n<\/div>\n<\/div>\n\n\n\n<div class=\"wp-block-column is-layout-flow wp-container-core-column-is-layout-1a0eff7f wp-block-column-is-layout-flow\" style=\"flex-basis:33.34%\">\n<div class=\"wp-block-group has-ti-bg-alt-background-color has-background is-layout-constrained wp-container-core-group-is-layout-54d875c6 wp-block-group-is-layout-constrained\" style=\"border-radius:5px;padding-top:32px;padding-right:32px;padding-bottom:32px;padding-left:32px\">\n<h3 class=\"wp-block-heading has-text-align-center has-medium-font-size\">D\u00e9m\u00e9nagement<\/h3>\n\n\n\n<p class=\"has-text-align-center\">Vous souhaitez apaiser votre animal avant un changement de lieu de vie<\/p>\n<\/div>\n<\/div>\n\n\n\n<div class=\"wp-block-column is-layout-flow wp-container-core-column-is-layout-1a0eff7f wp-block-column-is-layout-flow\" style=\"flex-basis:33.34%\">\n<div class=\"wp-block-group has-ti-bg-alt-background-color has-background is-layout-constrained wp-container-core-group-is-layout-54d875c6 wp-block-group-is-layout-constrained\" style=\"border-radius:5px;padding-top:32px;padding-right:32px;padding-bottom:32px;padding-left:32px\">\n<h3 class=\"wp-block-heading has-text-align-center has-medium-font-size\">Projet d&rsquo;adoption<\/h3>\n\n\n\n<p class=\"has-text-align-center\">Vous souhaitez savoir si l\u2019animal que vous envisagez d&rsquo;accueillir serait pr\u00eat \u00e0 int\u00e9grer votre foyer<\/p>\n<\/div>\n<\/div>\n\n\n\n<div class=\"wp-block-column is-layout-flow wp-container-core-column-is-layout-1a0eff7f wp-block-column-is-layout-flow\" style=\"flex-basis:33.33%\">\n<div class=\"wp-block-group has-ti-bg-alt-background-color has-background is-layout-constrained wp-container-core-group-is-layout-9a0d9e06 wp-block-group-is-layout-constrained\" style=\"border-radius:5px;padding-top:32px;padding-right:32px;padding-bottom:32px;padding-left:32px\">\n<h3 class=\"wp-block-heading has-text-align-center has-medium-font-size\">Conna\u00eetre son histoire<\/h3>\n\n\n\n<p class=\"has-text-align-center\">Vous voulez en savoir plus sur le pass\u00e9 de votre animal (chevaux retrait\u00e9s de courses, animaux de refuge, etc.)<\/p>\n<\/div>\n<\/div>\n<\/div>\n\n\n\n<div class=\"wp-block-columns alignwide is-layout-flex wp-container-core-columns-is-layout-cbe57604 wp-block-columns-is-layout-flex\">\n<div class=\"wp-block-column is-layout-flow wp-block-column-is-layout-flow\" style=\"flex-basis:33.34%\">\n<div class=\"wp-block-group has-ti-bg-alt-background-color has-background is-layout-constrained wp-container-core-group-is-layout-54d875c6 wp-block-group-is-layout-constrained\" style=\"border-radius:5px;padding-top:32px;padding-right:32px;padding-bottom:32px;padding-left:32px\">\n<h3 class=\"wp-block-heading has-text-align-center has-medium-font-size\">D\u00e9bourrage  &amp; apprentissages<\/h3>\n\n\n\n<p class=\"has-text-align-center\">Vous souhaitez accompagner votre animal dans son \u00e9ducation <\/p>\n<\/div>\n<\/div>\n\n\n\n<div class=\"wp-block-column is-vertically-aligned-top is-layout-flow wp-block-column-is-layout-flow\" style=\"flex-basis:33.34%\">\n<div class=\"wp-block-group has-ti-bg-alt-background-color has-background is-layout-constrained wp-container-core-group-is-layout-54d875c6 wp-block-group-is-layout-constrained\" style=\"border-radius:5px;padding-top:32px;padding-right:32px;padding-bottom:32px;padding-left:32px\">\n<h3 class=\"wp-block-heading has-text-align-center has-medium-font-size\">Nouveau membre dans la famille<\/h3>\n\n\n\n<p class=\"has-text-align-center\">Vous voulez pr\u00e9parer votre animal \u00e0 l\u2019arriv\u00e9e d\u2019un nouvel individu au sein du foyer (b\u00e9b\u00e9, autre animal)<\/p>\n<\/div>\n<\/div>\n\n\n\n<div class=\"wp-block-column is-layout-flow wp-block-column-is-layout-flow\" style=\"flex-basis:33.34%\">\n<div class=\"wp-block-group has-ti-bg-alt-background-color has-background is-layout-constrained wp-container-core-group-is-layout-54d875c6 wp-block-group-is-layout-constrained\" style=\"border-radius:5px;padding-top:32px;padding-right:32px;padding-bottom:32px;padding-left:32px\">\n<h3 class=\"wp-block-heading has-text-align-center has-medium-font-size\">Pr\u00e9paration \u00e0 une chirurgie<\/h3>\n\n\n\n<p class=\"has-text-align-center\">Vous voulez apaiser votre animal avant une castration, st\u00e9rilisation, etc.<\/p>\n<\/div>\n<\/div>\n\n\n\n<div class=\"wp-block-column is-layout-flow wp-block-column-is-layout-flow\" style=\"flex-basis:33.33%\">\n<div class=\"wp-block-group has-ti-bg-alt-background-color has-background is-layout-constrained wp-container-core-group-is-layout-54d875c6 wp-block-group-is-layout-constrained\" style=\"border-radius:5px;padding-top:32px;padding-right:32px;padding-bottom:32px;padding-left:32px\">\n<h3 class=\"wp-block-heading has-text-align-center has-medium-font-size\">Pr\u00e9paration \u00e0 un soin d&rsquo;entretien<\/h3>\n\n\n\n<p class=\"has-text-align-center\">Vous voulez apaiser votre animal avant un soin de dentisterie, un parage, un toilettage, etc.<\/p>\n<\/div>\n<\/div>\n<\/div>\n<\/div>\n\n\n\n<div class=\"wp-block-group alignfull is-layout-constrained wp-container-core-group-is-layout-b167bc30 wp-block-group-is-layout-constrained\" style=\"margin-top:0px;margin-bottom:0px;padding-top:5px;padding-bottom:5px\">\n<div class=\"wp-block-columns alignwide is-layout-flex wp-container-core-columns-is-layout-cbe57604 wp-block-columns-is-layout-flex\">\n<div class=\"wp-block-column is-layout-flow wp-block-column-is-layout-flow\" style=\"flex-basis:33.34%\">\n<div class=\"wp-block-group has-ti-bg-alt-background-color has-background is-layout-constrained wp-container-core-group-is-layout-54d875c6 wp-block-group-is-layout-constrained\" style=\"border-radius:5px;padding-top:32px;padding-right:32px;padding-bottom:32px;padding-left:32px\">\n<h3 class=\"wp-block-heading has-text-align-center has-medium-font-size\">D\u00e9part en vacances <\/h3>\n\n\n\n<p class=\"has-text-align-center\">Vous souhaitez pr\u00e9parer votre animal \u00e0 l&rsquo;intervention d\u2019un petsitter, \u00e0 un placement en pension, \u00e0 un long trajet en voiture\/bateau\/avion\/camion\/van, etc.<\/p>\n<\/div>\n<\/div>\n\n\n\n<div class=\"wp-block-column is-layout-flow wp-container-core-column-is-layout-1a0eff7f wp-block-column-is-layout-flow\" style=\"flex-basis:33.34%\">\n<div class=\"wp-block-group has-ti-bg-alt-background-color has-background is-layout-constrained wp-container-core-group-is-layout-54d875c6 wp-block-group-is-layout-constrained\" style=\"border-radius:5px;padding-top:32px;padding-right:32px;padding-bottom:32px;padding-left:32px\">\n<h3 class=\"wp-block-heading has-text-align-center has-medium-font-size\">Pr\u00e9paration \u00e0 un concours <\/h3>\n\n\n\n<p class=\"has-text-align-center\">Vous voulez pr\u00e9parer votre animal \u00e0 une comp\u00e9tition hippique, un salon, un show, etc.<\/p>\n<\/div>\n<\/div>\n\n\n\n<div class=\"wp-block-column is-layout-flow wp-container-core-column-is-layout-1a0eff7f wp-block-column-is-layout-flow\" style=\"flex-basis:33.34%\">\n<div class=\"wp-block-group has-ti-bg-alt-background-color has-background is-layout-constrained wp-container-core-group-is-layout-54d875c6 wp-block-group-is-layout-constrained\" style=\"border-radius:5px;padding-top:32px;padding-right:32px;padding-bottom:32px;padding-left:32px\">\n<h3 class=\"wp-block-heading has-text-align-center has-medium-font-size\">Sevrage <\/h3>\n\n\n\n<p class=\"has-text-align-center\">Vous souhaitez accompagner votre animal dans le sevrage (la m\u00e8re comme les petits)<\/p>\n<\/div>\n<\/div>\n\n\n\n<div class=\"wp-block-column is-layout-flow wp-container-core-column-is-layout-1a0eff7f wp-block-column-is-layout-flow\" style=\"flex-basis:33.33%\">\n<div class=\"wp-block-group has-ti-bg-alt-background-color has-background is-layout-constrained wp-container-core-group-is-layout-9a0d9e06 wp-block-group-is-layout-constrained\" style=\"border-radius:5px;padding-top:32px;padding-right:32px;padding-bottom:32px;padding-left:32px\">\n<h3 class=\"wp-block-heading has-text-align-center has-medium-font-size\">Mise bas<\/h3>\n\n\n\n<p class=\"has-text-align-center\">Vous voulez pr\u00e9parer votre animal \u00e0 donner naissance<\/p>\n<\/div>\n\n\n\n<div class=\"wp-block-group has-ti-bg-alt-background-color has-background is-layout-constrained wp-container-core-group-is-layout-9a0d9e06 wp-block-group-is-layout-constrained\" style=\"border-radius:5px;padding-top:32px;padding-right:32px;padding-bottom:32px;padding-left:32px\">\n<h3 class=\"wp-block-heading has-text-align-center has-medium-font-size\">Maladie<\/h3>\n\n\n\n<p class=\"has-text-align-center\">Vous souhaitez apporter un soutien \u00e9motionnel et \u00e9nerg\u00e9tique \u00e0 votre animal malade<\/p>\n<\/div>\n<\/div>\n<\/div>\n\n\n\n<div class=\"wp-block-columns alignwide is-layout-flex wp-container-core-columns-is-layout-cbe57604 wp-block-columns-is-layout-flex\">\n<div class=\"wp-block-column is-layout-flow wp-block-column-is-layout-flow\" style=\"flex-basis:33.34%\">\n<div class=\"wp-block-group has-ti-bg-alt-background-color has-background is-layout-constrained wp-container-core-group-is-layout-54d875c6 wp-block-group-is-layout-constrained\" style=\"border-radius:5px;padding-top:32px;padding-right:32px;padding-bottom:32px;padding-left:32px\">\n<h3 class=\"wp-block-heading has-text-align-center has-medium-font-size\">Deuil d&rsquo;un membre de la famille<\/h3>\n\n\n\n<p class=\"has-text-align-center\">Vous souhaitez accompagner votre animal dans le deuil d\u2019un membre de la famille (humain comme animal)<\/p>\n<\/div>\n<\/div>\n\n\n\n<div class=\"wp-block-column is-vertically-aligned-top is-layout-flow wp-block-column-is-layout-flow\" style=\"flex-basis:33.34%\">\n<div class=\"wp-block-group has-ti-bg-alt-background-color has-background is-layout-constrained wp-container-core-group-is-layout-54d875c6 wp-block-group-is-layout-constrained\" style=\"border-radius:5px;padding-top:32px;padding-right:32px;padding-bottom:32px;padding-left:32px\">\n<h3 class=\"wp-block-heading has-text-align-center has-medium-font-size\">Euthanasie<\/h3>\n\n\n\n<p class=\"has-text-align-center\">Vous voulez accompagner votre animal en fin de vie<\/p>\n<\/div>\n<\/div>\n\n\n\n<div class=\"wp-block-column is-layout-flow wp-block-column-is-layout-flow\" style=\"flex-basis:33.34%\">\n<div class=\"wp-block-group has-ti-bg-alt-background-color has-background is-layout-constrained wp-container-core-group-is-layout-54d875c6 wp-block-group-is-layout-constrained\" style=\"border-radius:5px;padding-top:32px;padding-right:32px;padding-bottom:32px;padding-left:32px\">\n<h3 class=\"wp-block-heading has-text-align-center has-medium-font-size\">Deuil de votre animal<\/h3>\n\n\n\n<p class=\"has-text-align-center\">Vous ou vos proches (enfants, adolescents) souhaitez \u00eatre accompagn\u00e9s dans le deuil de l&rsquo;animal de la famille<\/p>\n<\/div>\n<\/div>\n\n\n\n<div class=\"wp-block-column is-layout-flow wp-container-core-column-is-layout-1a0eff7f wp-block-column-is-layout-flow\" style=\"flex-basis:33.33%\">\n<div class=\"wp-block-group has-ti-bg-alt-background-color has-background is-layout-constrained wp-container-core-group-is-layout-9a0d9e06 wp-block-group-is-layout-constrained\" style=\"border-radius:5px;padding-top:32px;padding-right:32px;padding-bottom:32px;padding-left:32px\">\n<h3 class=\"wp-block-heading has-text-align-center has-medium-font-size\">Animal d\u00e9funt<\/h3>\n\n\n\n<p class=\"has-text-align-center\">Vous souhaitez recevoir un message de la part de votre animal d\u00e9funt<\/p>\n<\/div>\n\n\n\n<div class=\"wp-block-group has-ti-bg-alt-background-color has-background is-layout-constrained wp-container-core-group-is-layout-9a0d9e06 wp-block-group-is-layout-constrained\" style=\"border-radius:5px;padding-top:32px;padding-right:32px;padding-bottom:32px;padding-left:32px\">\n<h3 class=\"wp-block-heading has-text-align-center has-medium-font-size\">Groupes d&rsquo;animaux<\/h3>\n\n\n\n<p class=\"has-text-align-center\">Vous souhaitez r\u00e9gler des probl\u00e8mes de cohabitation, apaiser l&rsquo;ambiance au sein d&rsquo;un groupe, faciliter les d\u00e9placements d&rsquo;un troupeau ou encore adoucir l&rsquo;int\u00e9gration de nouveaux membres<\/p>\n<\/div>\n<\/div>\n<\/div>\n<\/div>\n\n\n\n<div class=\"wp-block-buttons is-content-justification-center is-layout-flex wp-container-core-buttons-is-layout-9033c490 wp-block-buttons-is-layout-flex\" style=\"margin-top:var(--wp--preset--spacing--80);margin-bottom:var(--wp--preset--spacing--80)\">\n<div class=\"wp-block-button is-style-outline is-style-outline--1\"><a class=\"wp-block-button__link has-ti-bg-alt-color has-ti-fg-background-color has-text-color has-background has-link-color wp-element-button\" href=\"https:\/\/ninamichoux.com\/?page_id=324\">Voir les services correspondants<\/a><\/div>\n<\/div>\n","protected":false},"excerpt":{"rendered":"<p>Liste de raisons pouvant amener \u00e0 faire appel \u00e0 une communication animale&nbsp;: Probl\u00e8me de comportement Votre animal pr\u00e9sente des signes d&rsquo;inconfort que le v\u00e9t\u00e9rinaire n\u2019arrive pas \u00e0 expliquer (morsure, malpropret\u00e9, etc.) D\u00e9m\u00e9nagement Vous souhaitez apaiser votre animal avant un changement de lieu de vie Projet d&rsquo;adoption Vous souhaitez savoir si l\u2019animal que vous envisagez d&rsquo;accueillir [&hellip;]<\/p>\n","protected":false},"author":1,"featured_media":0,"parent":0,"menu_order":0,"comment_status":"closed","ping_status":"closed","template":"","meta":{"footnotes":""},"class_list":["post-238","page","type-page","status-publish","hentry"],"_links":{"self":[{"href":"https:\/\/ninamichoux.com\/index.php?rest_route=\/wp\/v2\/pages\/238","targetHints":{"allow":["GET"]}}],"collection":[{"href":"https:\/\/ninamichoux.com\/index.php?rest_route=\/wp\/v2\/pages"}],"about":[{"href":"https:\/\/ninamichoux.com\/index.php?rest_route=\/wp\/v2\/types\/page"}],"author":[{"embeddable":true,"href":"https:\/\/ninamichoux.com\/index.php?rest_route=\/wp\/v2\/users\/1"}],"replies":[{"embeddable":true,"href":"https:\/\/ninamichoux.com\/index.php?rest_route=%2Fwp%2Fv2%2Fcomments&post=238"}],"version-history":[{"count":16,"href":"https:\/\/ninamichoux.com\/index.php?rest_route=\/wp\/v2\/pages\/238\/revisions"}],"predecessor-version":[{"id":489,"href":"https:\/\/ninamichoux.com\/index.php?rest_route=\/wp\/v2\/pages\/238\/revisions\/489"}],"wp:attachment":[{"href":"https:\/\/ninamichoux.com\/index.php?rest_route=%2Fwp%2Fv2%2Fmedia&parent=238"}],"curies":[{"name":"wp","href":"https:\/\/api.w.org\/{rel}","templated":true}]}}