{"id":405,"date":"2024-05-27T12:27:00","date_gmt":"2024-05-27T10:27:00","guid":{"rendered":"https:\/\/ninamichoux.com\/?page_id=405"},"modified":"2024-05-27T12:27:00","modified_gmt":"2024-05-27T10:27:00","slug":"politique-de-confidentialite","status":"publish","type":"page","link":"https:\/\/ninamichoux.com\/?page_id=405","title":{"rendered":"Politique de confidentialit\u00e9"},"content":{"rendered":"\n<ol class=\"wp-block-list\">\n<li>Conditions g\u00e9n\u00e9rales d\u2019utilisation du site et des services propos\u00e9s<\/li>\n<\/ol>\n\n\n\n<p>Le site <a href=\"https:\/\/ninamichoux.com\/\">https:\/\/ninamichoux.com\/<\/a> constitue une \u0153uvre de l\u2019esprit prot\u00e9g\u00e9e par les dispositions du Code de la Propri\u00e9t\u00e9 Intellectuelle et des R\u00e9glementations Internationales applicables. Le client ne peut en aucune mani\u00e8re r\u00e9utiliser, c\u00e9der ou exploiter pour son propre compte tout ou partie des \u00e9l\u00e9ments ou travaux du site.<\/p>\n\n\n\n<p>L\u2019utilisation du site <a href=\"https:\/\/ninamichoux.com\/\">https:\/\/ninamichoux.com\/<\/a> implique l\u2019acceptation pleine et enti\u00e8re des conditions g\u00e9n\u00e9rales d\u2019utilisation d\u00e9crites. Ces conditions d\u2019utilisation sont susceptibles d\u2019\u00eatre modifi\u00e9es ou compl\u00e9t\u00e9es \u00e0 tout moment, les utilisateurs du site <a href=\"https:\/\/ninamichoux.com\/\">https:\/\/ninamichoux.com\/<\/a> sont donc invit\u00e9s \u00e0 les consulter de mani\u00e8re r\u00e9guli\u00e8re.<\/p>\n\n\n\n<p>Ce site internet est normalement accessible \u00e0 tout moment aux utilisateurs. Une interruption pour raison de maintenance technique peut \u00eatre toutefois d\u00e9cid\u00e9e par Nina Michoux, qui s\u2019efforcera alors de communiquer pr\u00e9alablement aux utilisateurs les dates et heures de l\u2019intervention. Le site web <a href=\"https:\/\/ninamichoux.com\/\">https:\/\/ninamichoux.com\/<\/a> est mis \u00e0 jour r\u00e9guli\u00e8rement par Nina Michoux. De la m\u00eame fa\u00e7on, les mentions l\u00e9gales peuvent \u00eatre modifi\u00e9es \u00e0 tout moment : elles s\u2019imposent n\u00e9anmoins \u00e0 l\u2019utilisateur qui est invit\u00e9 \u00e0 s\u2019y r\u00e9f\u00e9rer le plus souvent possible afin d\u2019en prendre connaissance.<\/p>\n\n\n\n<p>2 &#8211; Description des services fournis<\/p>\n\n\n\n<p>Le site internet <a href=\"https:\/\/ninamichoux.com\/\">https:\/\/ninamichoux.com\/<\/a> a pour objet de fournir une information concernant l\u2019ensemble des activit\u00e9s de l\u2019entreprise Nina Michoux. Nina Michoux s\u2019efforce de fournir sur le site <a href=\"https:\/\/ninamichoux.com\/\">https:\/\/ninamichoux.com\/<\/a> des informations aussi pr\u00e9cises que possible. Toutefois, elle ne pourra \u00eatre tenue responsable des oublis, des inexactitudes et des carences dans la mise \u00e0 jour, qu\u2019elles soient de son fait ou du fait des tiers partenaires qui lui fournissent ces informations.<\/p>\n\n\n\n<p>Toutes les informations indiqu\u00e9es sur le site <a href=\"https:\/\/ninamichoux.com\/\">https:\/\/ninamichoux.com\/<\/a> sont donn\u00e9es \u00e0 titre indicatif, et sont susceptibles d\u2019\u00e9voluer. Par ailleurs, les renseignements figurant sur le site <a href=\"https:\/\/ninamichoux.com\/\">https:\/\/ninamichoux.com\/<\/a> ne sont pas exhaustifs. Ils sont donn\u00e9s sous r\u00e9serve de modifications ayant \u00e9t\u00e9 apport\u00e9es depuis leur mise en ligne.<\/p>\n\n\n\n<p>3 &#8211; Limitations contractuelles sur les donn\u00e9es techniques<\/p>\n\n\n\n<p>L\u2019entreprise Nina Michoux est h\u00e9berg\u00e9e sur la plateforme WordPress.org. WordPress.org fournit la plateforme en ligne permettant de vendre produits et services. Les donn\u00e9es peuvent \u00eatre stock\u00e9es par le biais du stockage de donn\u00e9es, des bases de donn\u00e9es et des applications g\u00e9n\u00e9rales de WordPress.org. Les donn\u00e9es sont stock\u00e9es sur des serveurs s\u00e9curis\u00e9s derri\u00e8re un pare-feu. Les informations personnelles li\u00e9es \u00e0 la prise de contact sont \u00e9galement conserv\u00e9es de mani\u00e8re priv\u00e9e par le cr\u00e9ateur du site.<\/p>\n\n\n\n<p>De plus, l\u2019utilisateur du site <a href=\"https:\/\/ninamichoux.com\/\">https:\/\/ninamichoux.com\/<\/a> s\u2019engage \u00e0 acc\u00e9der au site en utilisant un mat\u00e9riel r\u00e9cent, ne contenant pas de virus et avec un navigateur de derni\u00e8re g\u00e9n\u00e9ration mis-\u00e0-jour.<\/p>\n\n\n\n<p>Le site <a href=\"https:\/\/ninamichoux.com\/\">https:\/\/ninamichoux.com\/<\/a> est h\u00e9berg\u00e9 chez un prestataire sur le territoire de l\u2019Union Europ\u00e9enne conform\u00e9ment aux dispositions du R\u00e8glement G\u00e9n\u00e9ral sur la Protection des Donn\u00e9es (RGPD : n\u00b0 2016-679).<\/p>\n\n\n\n<p>L\u2019objectif est d\u2019apporter une prestation qui assure le meilleur taux d\u2019accessibilit\u00e9. L\u2019h\u00e9bergeur assure la continuit\u00e9 de son service 24 Heures sur 24, tous les jours de l\u2019ann\u00e9e. Il se r\u00e9serve n\u00e9anmoins la possibilit\u00e9 d\u2019interrompre le service d\u2019h\u00e9bergement pour les dur\u00e9es les plus courtes possibles notamment \u00e0 des fins de maintenance, d\u2019am\u00e9lioration de ses infrastructures, de d\u00e9faillance de ses infrastructures ou si les prestations et services g\u00e9n\u00e8rent un trafic r\u00e9put\u00e9 anormal.<\/p>\n\n\n\n<p><a href=\"https:\/\/ninamichoux.com\/\">https:\/\/ninamichoux.com\/<\/a>, l\u2019h\u00e9bergeur Gandi.net et le CMS WordPress.org ne pourront \u00eatre tenus responsables en cas de dysfonctionnement du r\u00e9seau Internet, des lignes t\u00e9l\u00e9phoniques ou du mat\u00e9riel informatique et de t\u00e9l\u00e9phonie li\u00e9 notamment \u00e0 l\u2019encombrement du r\u00e9seau emp\u00eachant l\u2019acc\u00e8s au serveur.<\/p>\n\n\n\n<p>4 &#8211; Gestion des donn\u00e9es personnelles<\/p>\n\n\n\n<p>Le client est inform\u00e9 des r\u00e9glementations concernant la communication marketing, la loi du 21 Juin 2014 pour la confiance dans l\u2019Economie Num\u00e9rique, la Loi Informatique et Libert\u00e9 du 06 Ao\u00fbt 2004 ainsi que du R\u00e8glement G\u00e9n\u00e9ral sur la Protection des Donn\u00e9es (RGPD : n\u00b0 2016-679).<\/p>\n\n\n\n<p>Pour les donn\u00e9es personnelles collect\u00e9es dans le cadre de la cr\u00e9ation du compte personnel de l\u2019utilisateur et de sa navigation sur le site, le responsable du traitement des donn\u00e9es personnelles est : Nina Michoux. <a href=\"https:\/\/ninamichoux.com\/\">https:\/\/ninamichoux.com\/<\/a> est repr\u00e9sent\u00e9 par Nina Michoux, son repr\u00e9sentant l\u00e9gal.<\/p>\n\n\n\n<p>En tant que responsable du traitement des donn\u00e9es qu\u2019il collecte, <a href=\"https:\/\/ninamichoux.com\/\">https:\/\/ninamichoux.com\/<\/a> s\u2019engage \u00e0 respecter le cadre des dispositions l\u00e9gales en vigueur. Il lui appartient notamment d\u2019\u00e9tablir les finalit\u00e9s de ses traitements de donn\u00e9es, de fournir \u00e0 ses prospects et clients, \u00e0 partir de la collecte de leurs consentements, une information compl\u00e8te sur le traitement de leurs donn\u00e9es personnelles et de maintenir un registre des traitements conforme \u00e0 la r\u00e9alit\u00e9. Chaque fois que <a href=\"https:\/\/ninamichoux.com\/\">https:\/\/ninamichoux.com\/<\/a> traite des donn\u00e9es personnelles, <a href=\"https:\/\/ninamichoux.com\/\">https:\/\/ninamichoux.com\/<\/a> prend toutes les mesures raisonnables pour s\u2019assurer de l\u2019exactitude et de la pertinence des donn\u00e9es personnelles au regard des finalit\u00e9s pour lesquelles <a href=\"https:\/\/ninamichoux.com\/\">https:\/\/ninamichoux.com\/<\/a> les traite.<\/p>\n\n\n\n<p><a href=\"https:\/\/ninamichoux.com\/\">https:\/\/ninamichoux.com\/<\/a> est susceptible de traiter tout ou partie des donn\u00e9es :<\/p>\n\n\n\n<ul class=\"wp-block-list\">\n<li>Pour permettre la navigation sur le site et la gestion et la tra\u00e7abilit\u00e9 des prestations et services command\u00e9s par l\u2019utilisateur : donn\u00e9es de connexion et d\u2019utilisation du site, facturation, historique des commandes, etc.<\/li>\n\n\n\n<li>Pour pr\u00e9venir et lutter contre la fraude informatique (spamming, hacking\u2026) : mat\u00e9riel informatique utilis\u00e9 pour la navigation, l\u2019adresse IP, le mot de passe (hash\u00e9)<\/li>\n\n\n\n<li>Pour am\u00e9liorer la navigation sur le site : donn\u00e9es de connexion et d\u2019utilisation<\/li>\n\n\n\n<li>Pour mener des enqu\u00eates de satisfaction facultatives sur http:\/\/www.ninamichoux.com : <a href=\"mailto:nina.comanimale@gmail.com\">nina.comanimale@gmail.com<\/a><\/li>\n\n\n\n<li>Pour mener des campagnes de communication (sms, mail) : 0781370501, <a href=\"mailto:nina.comanimale@gmail.com\">nina.comanimale@gmail.com<\/a><\/li>\n<\/ul>\n\n\n\n<p><a href=\"https:\/\/ninamichoux.com\/\">https:\/\/ninamichoux.com\/<\/a> ne commercialise pas vos donn\u00e9es personnelles qui sont donc uniquement utilis\u00e9es par n\u00e9cessit\u00e9 ou \u00e0 des fins statistiques et d\u2019analyses.<\/p>\n\n\n\n<p>Conform\u00e9ment \u00e0 la r\u00e9glementation europ\u00e9enne en vigueur, les utilisateurs de <a href=\"https:\/\/ninamichoux.com\/\">https:\/\/ninamichoux.com\/<\/a> disposent des droits suivants :<\/p>\n\n\n\n<ul class=\"wp-block-list\">\n<li>Droit d&rsquo;acc\u00e8s (article 15 RGPD) et de rectification (article 16 RGPD), de mise \u00e0 jour, de compl\u00e9tude des donn\u00e9es des utilisateurs<\/li>\n\n\n\n<li>Droit de verrouillage ou d\u2019effacement des donn\u00e9es des utilisateurs \u00e0 caract\u00e8re personnel (article 17 du RGPD), lorsqu\u2019elles sont inexactes, incompl\u00e8tes, \u00e9quivoques, p\u00e9rim\u00e9es, ou dont la collecte, l&rsquo;utilisation, la communication ou la conservation est interdite<\/li>\n\n\n\n<li>Droit de retirer \u00e0 tout moment un consentement (article 13-2c RGPD)<\/li>\n\n\n\n<li>Droit \u00e0 la limitation du traitement des donn\u00e9es des utilisateurs (article 18 RGPD)<\/li>\n\n\n\n<li>Droit d\u2019opposition au traitement des donn\u00e9es des utilisateurs (article 21 RGPD)<\/li>\n\n\n\n<li>Droit \u00e0 la portabilit\u00e9 des donn\u00e9es que les utilisateurs auront fournies, lorsque ces donn\u00e9es font l\u2019objet de traitements automatis\u00e9s fond\u00e9s sur leur consentement ou sur un contrat (article 20 RGPD)<\/li>\n\n\n\n<li>Droit de d\u00e9finir le sort des donn\u00e9es des utilisateurs apr\u00e8s leur mort et de choisir \u00e0 qui <a href=\"https:\/\/ninamichoux.com\/\">https:\/\/ninamichoux.com\/<\/a> devra communiquer (ou non) ses donn\u00e9es \u00e0 un tiers qu\u2019il aura pr\u00e9alablement d\u00e9sign\u00e9<\/li>\n<\/ul>\n\n\n\n<p><a href=\"https:\/\/ninamichoux.com\/\">https:\/\/ninamichoux.com\/<\/a> s\u2019engage \u00e0 prendre toutes les pr\u00e9cautions n\u00e9cessaires afin de pr\u00e9server la s\u00e9curit\u00e9 des informations et notamment qu\u2019elles ne soient pas communiqu\u00e9es \u00e0 des personnes non autoris\u00e9es. Par ailleurs, <a href=\"https:\/\/ninamichoux.com\/\">https:\/\/ninamichoux.com\/<\/a> ne collecte aucune \u00ab donn\u00e9es sensibles \u00bb.<\/p>\n\n\n\n<p>Les donn\u00e9es personnelles de l\u2019utilisateur peuvent \u00eatre trait\u00e9es par des filiales de <a href=\"https:\/\/ninamichoux.com\/\">https:\/\/ninamichoux.com\/<\/a> et des sous-traitants (prestataires de services), exclusivement afin de r\u00e9aliser les finalit\u00e9s de la pr\u00e9sente politique.<\/p>\n\n\n\n<p>5 &#8211; Notification d\u2019incident<\/p>\n\n\n\n<p>Quels que soient les efforts fournis, aucune m\u00e9thode de transmission sur Internet et aucune m\u00e9thode de stockage \u00e9lectronique n&rsquo;est compl\u00e8tement s\u00fbre. Nous ne pouvons en cons\u00e9quence pas garantir une s\u00e9curit\u00e9 absolue. Si nous prenions connaissance d&rsquo;une br\u00e8che de la s\u00e9curit\u00e9, nous avertirions les utilisateurs concern\u00e9s afin qu&rsquo;ils puissent prendre les mesures appropri\u00e9es. Nos proc\u00e9dures de notification d\u2019incident tiennent compte de nos obligations l\u00e9gales, qu&rsquo;elles se situent au niveau national ou europ\u00e9en. Nous nous engageons \u00e0 informer pleinement nos clients de toutes les questions relevant de la s\u00e9curit\u00e9 de leur compte et \u00e0 leur fournir toutes les informations n\u00e9cessaires pour les aider \u00e0 respecter leurs propres obligations r\u00e9glementaires en mati\u00e8re de reporting.<\/p>\n\n\n\n<p>Aucune information personnelle de l&rsquo;utilisateur du site <a href=\"https:\/\/ninamichoux.com\/\">https:\/\/ninamichoux.com\/<\/a> n&rsquo;est publi\u00e9e \u00e0 l&rsquo;insu de l&rsquo;utilisateur, \u00e9chang\u00e9e, transf\u00e9r\u00e9e, c\u00e9d\u00e9e ou vendue sur un support quelconque \u00e0 des tiers. Seule l&rsquo;hypoth\u00e8se du rachat de <a href=\"https:\/\/ninamichoux.com\/\">https:\/\/ninamichoux.com\/<\/a> et de ses droits permettrait la transmission des dites informations \u00e0 l&rsquo;\u00e9ventuel acqu\u00e9reur qui serait \u00e0 son tour tenu de la m\u00eame obligation de conservation et de modification des donn\u00e9es vis \u00e0 vis de l&rsquo;utilisateur du site <a href=\"https:\/\/ninamichoux.com\/\">https:\/\/ninamichoux.com\/<\/a>.<\/p>\n\n\n\n<p>6 \u2013 Balises (\u00ab&nbsp;tags&nbsp;\u00bb) internet<\/p>\n\n\n\n<p><a href=\"https:\/\/ninamichoux.com\/\">https:\/\/ninamichoux.com\/<\/a> peut employer occasionnellement des balises internet (\u00e9galement appel\u00e9es \u00ab tags \u00bb, ou balises d\u2019action, GIF \u00e0 un pixel, GIF transparents, GIF invisibles et GIF un \u00e0 un) et les d\u00e9ployer par l\u2019interm\u00e9diaire d\u2019un partenaire sp\u00e9cialiste d\u2019analyses Web susceptible de se trouver (et donc de stocker les informations correspondantes, y compris l\u2019adresse IP de l\u2019utilisateur) dans un pays \u00e9tranger.<\/p>\n\n\n\n<p>Ces balises sont plac\u00e9es \u00e0 la fois dans les publicit\u00e9s en ligne permettant aux internautes d\u2019acc\u00e9der au site, et sur les diff\u00e9rentes pages de celui-ci.<\/p>\n\n\n\n<p>Cette technologie permet \u00e0 <a href=\"https:\/\/ninamichoux.com\/\">https:\/\/ninamichoux.com\/<\/a> d\u2019\u00e9valuer les r\u00e9ponses des visiteurs face au site et l\u2019efficacit\u00e9 de ses actions (par exemple, le nombre de fois o\u00f9 une page est ouverte et les informations consult\u00e9es), ainsi que l\u2019utilisation de ce site par l\u2019utilisateur.<\/p>\n","protected":false},"excerpt":{"rendered":"<p>Le site https:\/\/ninamichoux.com\/ constitue une \u0153uvre de l\u2019esprit prot\u00e9g\u00e9e par les dispositions du Code de la Propri\u00e9t\u00e9 Intellectuelle et des R\u00e9glementations Internationales applicables. Le client ne peut en aucune mani\u00e8re r\u00e9utiliser, c\u00e9der ou exploiter pour son propre compte tout ou partie des \u00e9l\u00e9ments ou travaux du site. L\u2019utilisation du site https:\/\/ninamichoux.com\/ implique l\u2019acceptation pleine et [&hellip;]<\/p>\n","protected":false},"author":1,"featured_media":0,"parent":0,"menu_order":0,"comment_status":"closed","ping_status":"closed","template":"","meta":{"footnotes":""},"class_list":["post-405","page","type-page","status-publish","hentry"],"_links":{"self":[{"href":"https:\/\/ninamichoux.com\/index.php?rest_route=\/wp\/v2\/pages\/405","targetHints":{"allow":["GET"]}}],"collection":[{"href":"https:\/\/ninamichoux.com\/index.php?rest_route=\/wp\/v2\/pages"}],"about":[{"href":"https:\/\/ninamichoux.com\/index.php?rest_route=\/wp\/v2\/types\/page"}],"author":[{"embeddable":true,"href":"https:\/\/ninamichoux.com\/index.php?rest_route=\/wp\/v2\/users\/1"}],"replies":[{"embeddable":true,"href":"https:\/\/ninamichoux.com\/index.php?rest_route=%2Fwp%2Fv2%2Fcomments&post=405"}],"version-history":[{"count":1,"href":"https:\/\/ninamichoux.com\/index.php?rest_route=\/wp\/v2\/pages\/405\/revisions"}],"predecessor-version":[{"id":406,"href":"https:\/\/ninamichoux.com\/index.php?rest_route=\/wp\/v2\/pages\/405\/revisions\/406"}],"wp:attachment":[{"href":"https:\/\/ninamichoux.com\/index.php?rest_route=%2Fwp%2Fv2%2Fmedia&parent=405"}],"curies":[{"name":"wp","href":"https:\/\/api.w.org\/{rel}","templated":true}]}}