{"id":530,"date":"2024-11-25T13:06:13","date_gmt":"2024-11-25T12:06:13","guid":{"rendered":"https:\/\/ninamichoux.com\/?page_id=530"},"modified":"2026-03-02T10:53:17","modified_gmt":"2026-03-02T09:53:17","slug":"accompagnements-de-lhumain","status":"publish","type":"page","link":"https:\/\/ninamichoux.com\/?page_id=530","title":{"rendered":"Accompagnements de l&rsquo;humain"},"content":{"rendered":"\n<div class=\"wp-block-group alignfull is-content-justification-center is-layout-constrained wp-container-core-group-is-layout-1313c73e wp-block-group-is-layout-constrained\" style=\"margin-top:0px;margin-bottom:0px;padding-top:64px;padding-bottom:64px\">\n<div class=\"wp-block-group alignwide is-layout-flow wp-container-core-group-is-layout-c6626a78 wp-block-group-is-layout-flow\">\n<div class=\"wp-block-columns are-vertically-aligned-top is-layout-flex wp-container-core-columns-is-layout-28f84493 wp-block-columns-is-layout-flex\">\n<div class=\"wp-block-column is-vertically-aligned-top is-layout-flow wp-container-core-column-is-layout-47e5a185 wp-block-column-is-layout-flow\">\n<div class=\"wp-block-group is-content-justification-left is-layout-constrained wp-container-core-group-is-layout-44ff0204 wp-block-group-is-layout-constrained\" style=\"border-radius:5px\">\n<figure class=\"wp-block-image size-full is-resized\"><img fetchpriority=\"high\" decoding=\"async\" width=\"1080\" height=\"1080\" src=\"https:\/\/ninamichoux.com\/wp-content\/uploads\/2024\/05\/Design-sans-titre-16.png\" alt=\"\" class=\"wp-image-362\" style=\"width:315px;height:auto\" srcset=\"https:\/\/ninamichoux.com\/wp-content\/uploads\/2024\/05\/Design-sans-titre-16.png 1080w, https:\/\/ninamichoux.com\/wp-content\/uploads\/2024\/05\/Design-sans-titre-16-300x300.png 300w, https:\/\/ninamichoux.com\/wp-content\/uploads\/2024\/05\/Design-sans-titre-16-1024x1024.png 1024w, https:\/\/ninamichoux.com\/wp-content\/uploads\/2024\/05\/Design-sans-titre-16-150x150.png 150w, https:\/\/ninamichoux.com\/wp-content\/uploads\/2024\/05\/Design-sans-titre-16-768x768.png 768w\" sizes=\"(max-width: 1080px) 100vw, 1080px\" \/><\/figure>\n\n\n\n<h3 class=\"wp-block-heading has-text-align-left\" style=\"padding-top:0;padding-right:var(--wp--preset--spacing--20);padding-bottom:0;padding-left:var(--wp--preset--spacing--20)\">Accompagnement de l&rsquo;humain : 1er \u00e9change (110 euros)<\/h3>\n\n\n\n<div class=\"wp-block-group is-layout-constrained wp-block-group-is-layout-constrained\">\n<details class=\"wp-block-details is-layout-flow wp-block-details-is-layout-flow\"><summary>Description du service<\/summary>\n<ul class=\"wp-block-list\">\n<li>Appel pr\u00e9alable de 20-30 min<\/li>\n\n\n\n<li>Communication avec l\u2019humain, en distanciel (r\u00e9\u00e9quilibrages \u00e9motionnel et\/ou \u00e9nerg\u00e9tique inclus)<\/li>\n\n\n\n<li>Entretien t\u00e9l\u00e9phonique d&rsquo;une bonne heure pour d\u00e9briefer de la communication<\/li>\n\n\n\n<li>Compte-rendu \u00e9crit<\/li>\n<\/ul>\n<\/details>\n<\/div>\n<\/div>\n<\/div>\n\n\n\n<div class=\"wp-block-column is-vertically-aligned-top is-layout-flow wp-container-core-column-is-layout-47e5a185 wp-block-column-is-layout-flow\">\n<div class=\"wp-block-group is-content-justification-left is-layout-constrained wp-container-core-group-is-layout-44ff0204 wp-block-group-is-layout-constrained\" style=\"border-radius:5px\">\n<figure class=\"wp-block-image size-full is-resized\"><img decoding=\"async\" width=\"1080\" height=\"1080\" src=\"https:\/\/ninamichoux.com\/wp-content\/uploads\/2024\/05\/Design-sans-titre-17.png\" alt=\"\" class=\"wp-image-364\" style=\"width:316px;height:auto\" srcset=\"https:\/\/ninamichoux.com\/wp-content\/uploads\/2024\/05\/Design-sans-titre-17.png 1080w, https:\/\/ninamichoux.com\/wp-content\/uploads\/2024\/05\/Design-sans-titre-17-300x300.png 300w, https:\/\/ninamichoux.com\/wp-content\/uploads\/2024\/05\/Design-sans-titre-17-1024x1024.png 1024w, https:\/\/ninamichoux.com\/wp-content\/uploads\/2024\/05\/Design-sans-titre-17-150x150.png 150w, https:\/\/ninamichoux.com\/wp-content\/uploads\/2024\/05\/Design-sans-titre-17-768x768.png 768w\" sizes=\"(max-width: 1080px) 100vw, 1080px\" \/><\/figure>\n\n\n\n<h3 class=\"wp-block-heading\" style=\"padding-top:0;padding-right:var(--wp--preset--spacing--20);padding-bottom:0;padding-left:var(--wp--preset--spacing--20)\">Accompagnement de l&rsquo;humain : suivi (90 euros)<\/h3>\n\n\n\n<div class=\"wp-block-group is-layout-constrained wp-block-group-is-layout-constrained\">\n<div class=\"wp-block-group is-layout-constrained wp-container-core-group-is-layout-29a8626f wp-block-group-is-layout-constrained\" style=\"padding-top:0;padding-right:var(--wp--preset--spacing--20);padding-bottom:0;padding-left:var(--wp--preset--spacing--20)\">\n<p>Seulement possible apr\u00e8s un 1er \u00e9change<\/p>\n\n\n\n<details class=\"wp-block-details is-layout-flow wp-block-details-is-layout-flow\"><summary>Description du service<\/summary>\n<ul class=\"wp-block-list\">\n<li>Communication avec l\u2019humain, en distanciel (r\u00e9\u00e9quilibrages \u00e9motionnel et\/ou \u00e9nerg\u00e9tique inclus)<\/li>\n\n\n\n<li>Entretien t\u00e9l\u00e9phonique d&rsquo;une bonne heure pour d\u00e9briefer de la communication<\/li>\n\n\n\n<li>Compte-rendu \u00e9crit<\/li>\n<\/ul>\n<\/details>\n<\/div>\n<\/div>\n<\/div>\n<\/div>\n<\/div>\n<\/div>\n<\/div>\n\n\n\n<p class=\"has-text-align-center\"><\/p>\n\n\n\n<div class=\"wp-block-group alignwide is-layout-flow wp-container-core-group-is-layout-c6626a78 wp-block-group-is-layout-flow\">\n<div class=\"wp-block-columns are-vertically-aligned-center is-layout-flex wp-container-core-columns-is-layout-cf05694f wp-block-columns-is-layout-flex\">\n<div class=\"wp-block-column is-vertically-aligned-center is-layout-flow wp-container-core-column-is-layout-47e5a185 wp-block-column-is-layout-flow\"><\/div>\n\n\n\n<div class=\"wp-block-column is-vertically-aligned-center is-layout-flow wp-container-core-column-is-layout-47e5a185 wp-block-column-is-layout-flow\">\n<div class=\"wp-block-group is-content-justification-left is-layout-constrained wp-container-core-group-is-layout-44ff0204 wp-block-group-is-layout-constrained\" style=\"border-radius:5px\">\n<figure class=\"wp-block-image size-full is-resized\"><img decoding=\"async\" width=\"1080\" height=\"1080\" src=\"https:\/\/ninamichoux.com\/wp-content\/uploads\/2024\/05\/Design-sans-titre-19.png\" alt=\"\" class=\"wp-image-368\" style=\"width:315px;height:auto\" srcset=\"https:\/\/ninamichoux.com\/wp-content\/uploads\/2024\/05\/Design-sans-titre-19.png 1080w, https:\/\/ninamichoux.com\/wp-content\/uploads\/2024\/05\/Design-sans-titre-19-300x300.png 300w, https:\/\/ninamichoux.com\/wp-content\/uploads\/2024\/05\/Design-sans-titre-19-1024x1024.png 1024w, https:\/\/ninamichoux.com\/wp-content\/uploads\/2024\/05\/Design-sans-titre-19-150x150.png 150w, https:\/\/ninamichoux.com\/wp-content\/uploads\/2024\/05\/Design-sans-titre-19-768x768.png 768w\" sizes=\"(max-width: 1080px) 100vw, 1080px\" \/><\/figure>\n\n\n\n<h3 class=\"wp-block-heading has-text-align-center\" style=\"padding-top:0;padding-right:var(--wp--preset--spacing--20);padding-bottom:0;padding-left:var(--wp--preset--spacing--20)\">Envie de faire plaisir ou de tendre la main \u00e0 un proche&nbsp;?<\/h3>\n\n\n\n<p class=\"has-text-align-center\">Cela est possible gr\u00e2ce aux bons cadeaux, disponibles pour le service de votre choix. N\u2019h\u00e9sitez pas \u00e0 me contacter pour les modalit\u00e9s<\/p>\n<\/div>\n<\/div>\n\n\n\n<div class=\"wp-block-column is-vertically-aligned-center is-layout-flow wp-container-core-column-is-layout-aceb6f81 wp-block-column-is-layout-flow\" style=\"padding-top:0;padding-right:0;padding-bottom:0;padding-left:0\"><\/div>\n<\/div>\n\n\n\n<div class=\"wp-block-columns are-vertically-aligned-center is-layout-flex wp-container-core-columns-is-layout-cf05694f wp-block-columns-is-layout-flex\">\n<div class=\"wp-block-column is-vertically-aligned-center is-layout-flow wp-container-core-column-is-layout-47e5a185 wp-block-column-is-layout-flow\"><\/div>\n\n\n\n<div class=\"wp-block-column is-vertically-aligned-center is-layout-flow wp-container-core-column-is-layout-47e5a185 wp-block-column-is-layout-flow\">\n<div class=\"wp-block-group is-content-justification-left is-layout-constrained wp-container-core-group-is-layout-44ff0204 wp-block-group-is-layout-constrained\" style=\"border-radius:5px\">\n<figure class=\"wp-block-image size-full is-resized\"><img loading=\"lazy\" decoding=\"async\" width=\"1080\" height=\"1080\" src=\"https:\/\/ninamichoux.com\/wp-content\/uploads\/2024\/09\/Carte-davantages-1.png\" alt=\"\" class=\"wp-image-512\" style=\"width:315px;height:auto\" srcset=\"https:\/\/ninamichoux.com\/wp-content\/uploads\/2024\/09\/Carte-davantages-1.png 1080w, https:\/\/ninamichoux.com\/wp-content\/uploads\/2024\/09\/Carte-davantages-1-300x300.png 300w, https:\/\/ninamichoux.com\/wp-content\/uploads\/2024\/09\/Carte-davantages-1-1024x1024.png 1024w, https:\/\/ninamichoux.com\/wp-content\/uploads\/2024\/09\/Carte-davantages-1-150x150.png 150w, https:\/\/ninamichoux.com\/wp-content\/uploads\/2024\/09\/Carte-davantages-1-768x768.png 768w\" sizes=\"(max-width: 1080px) 100vw, 1080px\" \/><\/figure>\n\n\n\n<h3 class=\"wp-block-heading has-text-align-center\" style=\"padding-top:0;padding-right:var(--wp--preset--spacing--20);padding-bottom:0;padding-left:var(--wp--preset--spacing--20)\">Pour faciliter l&rsquo;acc\u00e8s au bien-\u00eatre, mettre en avant des cr\u00e9ateurs et faire des bonnes actions ensemble pour les animaux !<\/h3>\n\n\n\n<p class=\"has-text-align-center\">A chaque service command\u00e9 pour un m\u00eame foyer, vous cumulez des points qui correspondent \u00e0 des avantages : r\u00e9duction sur un service, cadeau surprise, ou encore versement \u00e0 l&rsquo;association de protection animale de votre choix<\/p>\n<\/div>\n<\/div>\n\n\n\n<div class=\"wp-block-column is-vertically-aligned-center is-layout-flow wp-container-core-column-is-layout-aceb6f81 wp-block-column-is-layout-flow\" style=\"padding-top:0;padding-right:0;padding-bottom:0;padding-left:0\"><\/div>\n<\/div>\n<\/div>\n\n\n\n<div style=\"height:45px\" aria-hidden=\"true\" class=\"wp-block-spacer\"><\/div>\n\n\n\n<p><\/p>\n\n\n\n<p class=\"has-text-align-center\">Besoin de conseils sur le choix d&rsquo;un service ?<\/p>\n\n\n\n<div class=\"wp-block-buttons is-content-justification-center is-layout-flex wp-container-core-buttons-is-layout-a6d9f191 wp-block-buttons-is-layout-flex\" style=\"margin-top:var(--wp--preset--spacing--40);margin-bottom:var(--wp--preset--spacing--40)\">\n<div class=\"wp-block-button is-style-outline is-style-outline--1\"><a class=\"wp-block-button__link has-ti-fg-color has-text-color has-link-color wp-element-button\" href=\"https:\/\/ninamichoux.com\/?page_id=386\">Contactez-moi <\/a><\/div>\n<\/div>\n\n\n\n<p class=\"has-text-align-center\">Nous pouvons r\u00e9fl\u00e9chir ensemble (sans engagement) \u00e0 ce qui vous conviendrait le mieux en fonction de vos moyens et de la situation que vous vivez.<\/p>\n\n\n\n<p><\/p>\n\n\n\n<p><\/p>\n","protected":false},"excerpt":{"rendered":"<p>Accompagnement de l&rsquo;humain : 1er \u00e9change (110 euros) Accompagnement de l&rsquo;humain : suivi (90 euros) Seulement possible apr\u00e8s un 1er \u00e9change Envie de faire plaisir ou de tendre la main \u00e0 un proche&nbsp;? Cela est possible gr\u00e2ce aux bons cadeaux, disponibles pour le service de votre choix. N\u2019h\u00e9sitez pas \u00e0 me contacter pour les modalit\u00e9s [&hellip;]<\/p>\n","protected":false},"author":1,"featured_media":0,"parent":0,"menu_order":0,"comment_status":"closed","ping_status":"closed","template":"","meta":{"footnotes":""},"class_list":["post-530","page","type-page","status-publish","hentry"],"_links":{"self":[{"href":"https:\/\/ninamichoux.com\/index.php?rest_route=\/wp\/v2\/pages\/530","targetHints":{"allow":["GET"]}}],"collection":[{"href":"https:\/\/ninamichoux.com\/index.php?rest_route=\/wp\/v2\/pages"}],"about":[{"href":"https:\/\/ninamichoux.com\/index.php?rest_route=\/wp\/v2\/types\/page"}],"author":[{"embeddable":true,"href":"https:\/\/ninamichoux.com\/index.php?rest_route=\/wp\/v2\/users\/1"}],"replies":[{"embeddable":true,"href":"https:\/\/ninamichoux.com\/index.php?rest_route=%2Fwp%2Fv2%2Fcomments&post=530"}],"version-history":[{"count":7,"href":"https:\/\/ninamichoux.com\/index.php?rest_route=\/wp\/v2\/pages\/530\/revisions"}],"predecessor-version":[{"id":651,"href":"https:\/\/ninamichoux.com\/index.php?rest_route=\/wp\/v2\/pages\/530\/revisions\/651"}],"wp:attachment":[{"href":"https:\/\/ninamichoux.com\/index.php?rest_route=%2Fwp%2Fv2%2Fmedia&parent=530"}],"curies":[{"name":"wp","href":"https:\/\/api.w.org\/{rel}","templated":true}]}}