{"id":540,"date":"2024-11-25T13:06:24","date_gmt":"2024-11-25T12:06:24","guid":{"rendered":"https:\/\/ninamichoux.com\/?page_id=540"},"modified":"2026-03-02T10:51:57","modified_gmt":"2026-03-02T09:51:57","slug":"communications-animales","status":"publish","type":"page","link":"https:\/\/ninamichoux.com\/?page_id=540","title":{"rendered":"Communications animales"},"content":{"rendered":"\n<div class=\"wp-block-group alignfull is-content-justification-center is-layout-constrained wp-container-core-group-is-layout-1313c73e wp-block-group-is-layout-constrained\" style=\"margin-top:0px;margin-bottom:0px;padding-top:64px;padding-bottom:64px\">\n<div class=\"wp-block-group alignwide is-layout-flow wp-container-core-group-is-layout-c6626a78 wp-block-group-is-layout-flow\">\n<div class=\"wp-block-columns are-vertically-aligned-top is-layout-flex wp-container-core-columns-is-layout-28f84493 wp-block-columns-is-layout-flex\">\n<div class=\"wp-block-column is-vertically-aligned-top is-layout-flow wp-container-core-column-is-layout-47e5a185 wp-block-column-is-layout-flow\">\n<div class=\"wp-block-group is-content-justification-left is-layout-constrained wp-container-core-group-is-layout-44ff0204 wp-block-group-is-layout-constrained\" style=\"border-radius:5px\">\n<figure class=\"wp-block-image size-full is-resized\"><img fetchpriority=\"high\" decoding=\"async\" width=\"1080\" height=\"1080\" src=\"https:\/\/ninamichoux.com\/wp-content\/uploads\/2024\/05\/Design-sans-titre-10-1.png\" alt=\"\" class=\"wp-image-331\" style=\"width:315px;height:auto\" srcset=\"https:\/\/ninamichoux.com\/wp-content\/uploads\/2024\/05\/Design-sans-titre-10-1.png 1080w, https:\/\/ninamichoux.com\/wp-content\/uploads\/2024\/05\/Design-sans-titre-10-1-300x300.png 300w, https:\/\/ninamichoux.com\/wp-content\/uploads\/2024\/05\/Design-sans-titre-10-1-1024x1024.png 1024w, https:\/\/ninamichoux.com\/wp-content\/uploads\/2024\/05\/Design-sans-titre-10-1-150x150.png 150w, https:\/\/ninamichoux.com\/wp-content\/uploads\/2024\/05\/Design-sans-titre-10-1-768x768.png 768w\" sizes=\"(max-width: 1080px) 100vw, 1080px\" \/><\/figure>\n\n\n\n<h3 class=\"wp-block-heading has-text-align-left\" style=\"padding-top:0;padding-right:var(--wp--preset--spacing--20);padding-bottom:0;padding-left:var(--wp--preset--spacing--20)\">Communication Animale : 1er \u00e9change (120 euros)<\/h3>\n\n\n\n<div class=\"wp-block-group is-layout-constrained wp-block-group-is-layout-constrained\">\n<details class=\"wp-block-details is-layout-flow wp-block-details-is-layout-flow\"><summary>Description du service<\/summary>\n<ul class=\"wp-block-list\">\n<li>Appel pr\u00e9alable de 20-30 min<\/li>\n\n\n\n<li>Communication avec l\u2019animal, en distanciel (r\u00e9\u00e9quilibrages \u00e9motionnel et\/ou \u00e9nerg\u00e9tique inclus)<\/li>\n\n\n\n<li>Entretien t\u00e9l\u00e9phonique d&rsquo;une bonne heure pour d\u00e9briefer de la communication<\/li>\n\n\n\n<li>Compte-rendu \u00e9crit<\/li>\n<\/ul>\n<\/details>\n<\/div>\n<\/div>\n<\/div>\n\n\n\n<div class=\"wp-block-column is-vertically-aligned-top is-layout-flow wp-container-core-column-is-layout-47e5a185 wp-block-column-is-layout-flow\">\n<div class=\"wp-block-group is-content-justification-left is-layout-constrained wp-container-core-group-is-layout-cd58c88e wp-block-group-is-layout-constrained\" style=\"border-style:none;border-width:0px;border-radius:5px;margin-top:0;margin-bottom:0;padding-top:0;padding-bottom:0\">\n<figure class=\"wp-block-image size-full is-resized\"><img decoding=\"async\" width=\"1080\" height=\"1080\" src=\"https:\/\/ninamichoux.com\/wp-content\/uploads\/2024\/05\/Design-sans-titre-12.png\" alt=\"\" class=\"wp-image-334\" style=\"width:315px;height:auto\" srcset=\"https:\/\/ninamichoux.com\/wp-content\/uploads\/2024\/05\/Design-sans-titre-12.png 1080w, https:\/\/ninamichoux.com\/wp-content\/uploads\/2024\/05\/Design-sans-titre-12-300x300.png 300w, https:\/\/ninamichoux.com\/wp-content\/uploads\/2024\/05\/Design-sans-titre-12-1024x1024.png 1024w, https:\/\/ninamichoux.com\/wp-content\/uploads\/2024\/05\/Design-sans-titre-12-150x150.png 150w, https:\/\/ninamichoux.com\/wp-content\/uploads\/2024\/05\/Design-sans-titre-12-768x768.png 768w\" sizes=\"(max-width: 1080px) 100vw, 1080px\" \/><\/figure>\n\n\n\n<div class=\"wp-block-group is-layout-constrained wp-block-group-is-layout-constrained\">\n<div class=\"wp-block-group is-layout-constrained wp-block-group-is-layout-constrained\">\n<h3 class=\"wp-block-heading has-text-align-left\" style=\"padding-top:0;padding-right:var(--wp--preset--spacing--20);padding-bottom:0;padding-left:var(--wp--preset--spacing--20)\">Communication Animale :<\/h3>\n\n\n\n<h3 class=\"wp-block-heading has-text-align-left\" style=\"padding-top:0;padding-right:var(--wp--preset--spacing--20);padding-bottom:0;padding-left:var(--wp--preset--spacing--20)\">suivi (95 euros)<\/h3>\n<\/div>\n<\/div>\n\n\n\n<div class=\"wp-block-group is-layout-constrained wp-block-group-is-layout-constrained\">\n<div class=\"wp-block-group is-layout-constrained wp-container-core-group-is-layout-29a8626f wp-block-group-is-layout-constrained\" style=\"padding-top:0;padding-right:var(--wp--preset--spacing--20);padding-bottom:0;padding-left:var(--wp--preset--spacing--20)\">\n<p>Seulement possible apr\u00e8s un 1er \u00e9change<\/p>\n\n\n\n<details class=\"wp-block-details is-layout-flow wp-block-details-is-layout-flow\"><summary>Description du service<\/summary>\n<ul class=\"wp-block-list\">\n<li>Communication avec l\u2019animal, en distanciel (r\u00e9\u00e9quilibrages \u00e9motionnel et\/ou \u00e9nerg\u00e9tique inclus)<\/li>\n\n\n\n<li>Entretien t\u00e9l\u00e9phonique d&rsquo;une bonne heure pour d\u00e9briefer de la communication<\/li>\n\n\n\n<li>Compte-rendu \u00e9crit<\/li>\n<\/ul>\n<\/details>\n<\/div>\n<\/div>\n<\/div>\n<\/div>\n\n\n\n<div class=\"wp-block-column is-vertically-aligned-top is-layout-flow wp-container-core-column-is-layout-47e5a185 wp-block-column-is-layout-flow\">\n<div class=\"wp-block-group is-content-justification-left is-layout-constrained wp-container-core-group-is-layout-44ff0204 wp-block-group-is-layout-constrained\" style=\"border-radius:5px\">\n<figure class=\"wp-block-image size-full is-resized\"><img decoding=\"async\" width=\"1080\" height=\"1080\" src=\"https:\/\/ninamichoux.com\/wp-content\/uploads\/2024\/05\/Design-sans-titre-15.png\" alt=\"\" class=\"wp-image-360\" style=\"width:316px;height:auto\" srcset=\"https:\/\/ninamichoux.com\/wp-content\/uploads\/2024\/05\/Design-sans-titre-15.png 1080w, https:\/\/ninamichoux.com\/wp-content\/uploads\/2024\/05\/Design-sans-titre-15-300x300.png 300w, https:\/\/ninamichoux.com\/wp-content\/uploads\/2024\/05\/Design-sans-titre-15-1024x1024.png 1024w, https:\/\/ninamichoux.com\/wp-content\/uploads\/2024\/05\/Design-sans-titre-15-150x150.png 150w, https:\/\/ninamichoux.com\/wp-content\/uploads\/2024\/05\/Design-sans-titre-15-768x768.png 768w\" sizes=\"(max-width: 1080px) 100vw, 1080px\" \/><\/figure>\n\n\n\n<h3 class=\"wp-block-heading\" style=\"padding-top:0;padding-right:var(--wp--preset--spacing--20);padding-bottom:0;padding-left:var(--wp--preset--spacing--20)\">Communication Animale : animal d\u00e9funt (105 euros)<\/h3>\n\n\n\n<div class=\"wp-block-group is-layout-constrained wp-block-group-is-layout-constrained\">\n<div class=\"wp-block-group is-layout-constrained wp-container-core-group-is-layout-29a8626f wp-block-group-is-layout-constrained\" style=\"padding-top:0;padding-right:var(--wp--preset--spacing--20);padding-bottom:0;padding-left:var(--wp--preset--spacing--20)\">\n<details class=\"wp-block-details is-layout-flow wp-block-details-is-layout-flow\"><summary>Description du service<\/summary>\n<ul class=\"wp-block-list\">\n<li>Appel pr\u00e9alable de 20-30 min<\/li>\n\n\n\n<li>Communication avec l\u2019animal<\/li>\n\n\n\n<li>Entretien t\u00e9l\u00e9phonique d&rsquo;une bonne heure pour d\u00e9briefer de la communication<\/li>\n\n\n\n<li>Compte-rendu \u00e9crit<\/li>\n<\/ul>\n<\/details>\n<\/div>\n<\/div>\n<\/div>\n<\/div>\n<\/div>\n<\/div>\n<\/div>\n\n\n\n<div class=\"wp-block-group alignfull is-content-justification-center is-layout-constrained wp-container-core-group-is-layout-1313c73e wp-block-group-is-layout-constrained\" style=\"margin-top:0px;margin-bottom:0px;padding-top:64px;padding-bottom:64px\">\n<div class=\"wp-block-group alignwide is-layout-flow wp-container-core-group-is-layout-c6626a78 wp-block-group-is-layout-flow\">\n<div class=\"wp-block-columns are-vertically-aligned-center is-layout-flex wp-container-core-columns-is-layout-cf05694f wp-block-columns-is-layout-flex\">\n<div class=\"wp-block-column is-vertically-aligned-center is-layout-flow wp-container-core-column-is-layout-47e5a185 wp-block-column-is-layout-flow\"><\/div>\n\n\n\n<div class=\"wp-block-column is-vertically-aligned-center is-layout-flow wp-container-core-column-is-layout-47e5a185 wp-block-column-is-layout-flow\">\n<div class=\"wp-block-group is-content-justification-left is-layout-constrained wp-container-core-group-is-layout-44ff0204 wp-block-group-is-layout-constrained\" style=\"border-radius:5px\">\n<figure class=\"wp-block-image size-full is-resized\"><img loading=\"lazy\" decoding=\"async\" width=\"1080\" height=\"1080\" src=\"https:\/\/ninamichoux.com\/wp-content\/uploads\/2024\/05\/Design-sans-titre-19.png\" alt=\"\" class=\"wp-image-368\" style=\"width:315px;height:auto\" srcset=\"https:\/\/ninamichoux.com\/wp-content\/uploads\/2024\/05\/Design-sans-titre-19.png 1080w, https:\/\/ninamichoux.com\/wp-content\/uploads\/2024\/05\/Design-sans-titre-19-300x300.png 300w, https:\/\/ninamichoux.com\/wp-content\/uploads\/2024\/05\/Design-sans-titre-19-1024x1024.png 1024w, https:\/\/ninamichoux.com\/wp-content\/uploads\/2024\/05\/Design-sans-titre-19-150x150.png 150w, https:\/\/ninamichoux.com\/wp-content\/uploads\/2024\/05\/Design-sans-titre-19-768x768.png 768w\" sizes=\"(max-width: 1080px) 100vw, 1080px\" \/><\/figure>\n\n\n\n<h3 class=\"wp-block-heading has-text-align-center\" style=\"padding-top:0;padding-right:var(--wp--preset--spacing--20);padding-bottom:0;padding-left:var(--wp--preset--spacing--20)\">Envie de faire plaisir ou de tendre la main \u00e0 un proche&nbsp;?<\/h3>\n\n\n\n<p class=\"has-text-align-center\">Cela est possible gr\u00e2ce aux bons cadeaux, disponibles pour le service de votre choix. N\u2019h\u00e9sitez pas \u00e0 me contacter pour les modalit\u00e9s<\/p>\n<\/div>\n<\/div>\n\n\n\n<div class=\"wp-block-column is-vertically-aligned-center is-layout-flow wp-container-core-column-is-layout-aceb6f81 wp-block-column-is-layout-flow\" style=\"padding-top:0;padding-right:0;padding-bottom:0;padding-left:0\"><\/div>\n<\/div>\n\n\n\n<div class=\"wp-block-columns are-vertically-aligned-center is-layout-flex wp-container-core-columns-is-layout-cf05694f wp-block-columns-is-layout-flex\">\n<div class=\"wp-block-column is-vertically-aligned-center is-layout-flow wp-container-core-column-is-layout-47e5a185 wp-block-column-is-layout-flow\"><\/div>\n\n\n\n<div class=\"wp-block-column is-vertically-aligned-center is-layout-flow wp-container-core-column-is-layout-47e5a185 wp-block-column-is-layout-flow\">\n<div class=\"wp-block-group is-content-justification-left is-layout-constrained wp-container-core-group-is-layout-44ff0204 wp-block-group-is-layout-constrained\" style=\"border-radius:5px\">\n<figure class=\"wp-block-image size-full is-resized\"><img loading=\"lazy\" decoding=\"async\" width=\"1080\" height=\"1080\" src=\"https:\/\/ninamichoux.com\/wp-content\/uploads\/2024\/09\/Carte-davantages-1.png\" alt=\"\" class=\"wp-image-512\" style=\"width:315px;height:auto\" srcset=\"https:\/\/ninamichoux.com\/wp-content\/uploads\/2024\/09\/Carte-davantages-1.png 1080w, https:\/\/ninamichoux.com\/wp-content\/uploads\/2024\/09\/Carte-davantages-1-300x300.png 300w, https:\/\/ninamichoux.com\/wp-content\/uploads\/2024\/09\/Carte-davantages-1-1024x1024.png 1024w, https:\/\/ninamichoux.com\/wp-content\/uploads\/2024\/09\/Carte-davantages-1-150x150.png 150w, https:\/\/ninamichoux.com\/wp-content\/uploads\/2024\/09\/Carte-davantages-1-768x768.png 768w\" sizes=\"(max-width: 1080px) 100vw, 1080px\" \/><\/figure>\n\n\n\n<h3 class=\"wp-block-heading has-text-align-center\" style=\"padding-top:0;padding-right:var(--wp--preset--spacing--20);padding-bottom:0;padding-left:var(--wp--preset--spacing--20)\">Pour faciliter l&rsquo;acc\u00e8s au bien-\u00eatre, mettre en avant des cr\u00e9ateurs et faire des bonnes actions ensemble pour les animaux !<\/h3>\n\n\n\n<p class=\"has-text-align-center\">A chaque service command\u00e9 pour un m\u00eame foyer, vous cumulez des points qui correspondent \u00e0 des avantages : r\u00e9duction sur un service, cadeau surprise, ou encore versement \u00e0 l&rsquo;association de protection animale de votre choix<\/p>\n<\/div>\n<\/div>\n\n\n\n<div class=\"wp-block-column is-vertically-aligned-center is-layout-flow wp-container-core-column-is-layout-aceb6f81 wp-block-column-is-layout-flow\" style=\"padding-top:0;padding-right:0;padding-bottom:0;padding-left:0\"><\/div>\n<\/div>\n<\/div>\n<\/div>\n\n\n\n<blockquote class=\"wp-block-quote has-text-align-center is-layout-flow wp-block-quote-is-layout-flow\">\n<h3 class=\"wp-block-heading\">Besoin de conseils sur le choix d&rsquo;un service ?<\/h3>\n\n\n\n<div class=\"wp-block-buttons is-content-justification-center is-layout-flex wp-container-core-buttons-is-layout-a6d9f191 wp-block-buttons-is-layout-flex\" style=\"margin-top:var(--wp--preset--spacing--40);margin-bottom:var(--wp--preset--spacing--40)\">\n<div class=\"wp-block-button is-style-outline is-style-outline--1\"><a class=\"wp-block-button__link has-ti-fg-color has-text-color has-link-color wp-element-button\" href=\"https:\/\/ninamichoux.com\/?page_id=386\">Contactez-moi <\/a><\/div>\n<\/div>\n<cite>Nous pouvons r\u00e9fl\u00e9chir ensemble (sans engagement) \u00e0 ce qui vous conviendrait le mieux en fonction de vos moyens et de la situation que vous vivez.<\/cite><\/blockquote>\n","protected":false},"excerpt":{"rendered":"<p>Communication Animale : 1er \u00e9change (120 euros) Communication Animale : suivi (95 euros) Seulement possible apr\u00e8s un 1er \u00e9change Communication Animale : animal d\u00e9funt (105 euros) Envie de faire plaisir ou de tendre la main \u00e0 un proche&nbsp;? Cela est possible gr\u00e2ce aux bons cadeaux, disponibles pour le service de votre choix. N\u2019h\u00e9sitez pas \u00e0 [&hellip;]<\/p>\n","protected":false},"author":1,"featured_media":0,"parent":0,"menu_order":0,"comment_status":"closed","ping_status":"closed","template":"","meta":{"footnotes":""},"class_list":["post-540","page","type-page","status-publish","hentry"],"_links":{"self":[{"href":"https:\/\/ninamichoux.com\/index.php?rest_route=\/wp\/v2\/pages\/540","targetHints":{"allow":["GET"]}}],"collection":[{"href":"https:\/\/ninamichoux.com\/index.php?rest_route=\/wp\/v2\/pages"}],"about":[{"href":"https:\/\/ninamichoux.com\/index.php?rest_route=\/wp\/v2\/types\/page"}],"author":[{"embeddable":true,"href":"https:\/\/ninamichoux.com\/index.php?rest_route=\/wp\/v2\/users\/1"}],"replies":[{"embeddable":true,"href":"https:\/\/ninamichoux.com\/index.php?rest_route=%2Fwp%2Fv2%2Fcomments&post=540"}],"version-history":[{"count":4,"href":"https:\/\/ninamichoux.com\/index.php?rest_route=\/wp\/v2\/pages\/540\/revisions"}],"predecessor-version":[{"id":669,"href":"https:\/\/ninamichoux.com\/index.php?rest_route=\/wp\/v2\/pages\/540\/revisions\/669"}],"wp:attachment":[{"href":"https:\/\/ninamichoux.com\/index.php?rest_route=%2Fwp%2Fv2%2Fmedia&parent=540"}],"curies":[{"name":"wp","href":"https:\/\/api.w.org\/{rel}","templated":true}]}}