{"id":668,"date":"2026-04-23T19:03:09","date_gmt":"2026-04-23T17:03:09","guid":{"rendered":"https:\/\/ninamichoux.com\/?page_id=668"},"modified":"2026-04-23T19:03:09","modified_gmt":"2026-04-23T17:03:09","slug":"le-coffret-feline-good","status":"publish","type":"page","link":"https:\/\/ninamichoux.com\/?page_id=668","title":{"rendered":"Le coffret Feline Good"},"content":{"rendered":"\n<p>Un ensemble de ressources holistiques (= physiques, \u00e9motionnelles, \u00e9nerg\u00e9tiques) pour aider les chats dans les diff\u00e9rentes \u00e9tapes de leur vie.<\/p>\n\n\n\n<div class=\"wp-block-group alignfull is-layout-constrained wp-block-group-is-layout-constrained\" style=\"margin-top:0;margin-bottom:0;padding-top:64px;padding-bottom:64px\">\n<div class=\"wp-block-columns alignwide is-layout-flex wp-container-core-columns-is-layout-8eb77903 wp-block-columns-is-layout-flex\" style=\"margin-top:0;margin-bottom:0\">\n<div class=\"wp-block-column is-vertically-aligned-center is-layout-flow wp-block-column-is-layout-flow\" style=\"padding-top:24px;padding-right:24px;padding-bottom:24px;padding-left:24px\">\n<div class=\"wp-block-group is-layout-constrained wp-block-group-is-layout-constrained\">\n<div class=\"wp-block-group alignwide is-layout-constrained wp-container-core-group-is-layout-0d72ef2b wp-block-group-is-layout-constrained\" style=\"margin-top:0;margin-bottom:0\">\n<p><strong>Le coffret con\u00e7u pour les amoureux des chats <\/strong><\/p>\n\n\n\n<p>Ce coffret offre des conseils et astuces pour vous et votre chat autour des 5 th\u00e9matiques suivantes : d\u00e9m\u00e9nagement, consultations chez le v\u00e9t\u00e9rinaire, rester seul \u00e0 la maison, vivre en appartement et la fin de vie. L&rsquo;id\u00e9al pour soi ou pour offrir !<\/p>\n\n\n\n<hr class=\"wp-block-separator has-alpha-channel-opacity\"\/>\n\n\n\n<p>Il contient des m\u00e9ditations guid\u00e9es de communications animales, des vid\u00e9os, tutos, protocoles, DIY &amp; quizz. Le but ? Renforcer votre relation avec votre chat, l&rsquo;apaiser dans les situations de stress et l&rsquo;accompagner \u00e0 chaque moment de sa vie. <\/p>\n\n\n\n<hr class=\"wp-block-separator has-alpha-channel-opacity\"\/>\n\n\n\n<p>Il tire ses sources de v\u00e9t\u00e9rinaires, de comportementalistes f\u00e9lins, de naturopathes animaliers et des chats eux-m\u00eames, lors de mes communications animales avec eux !<\/p>\n\n\n\n<p>Tarif unique de 70 euros tout compris.<\/p>\n<\/div>\n<\/div>\n<\/div>\n\n\n\n<div class=\"wp-block-column is-layout-flow wp-block-column-is-layout-flow\">\n<figure class=\"wp-block-image size-full is-resized\"><img fetchpriority=\"high\" decoding=\"async\" width=\"1414\" height=\"2000\" src=\"https:\/\/ninamichoux.com\/wp-content\/uploads\/2026\/04\/Design-sans-titre-26.png\" alt=\"\" class=\"wp-image-671\" style=\"width:321px;height:auto\" srcset=\"https:\/\/ninamichoux.com\/wp-content\/uploads\/2026\/04\/Design-sans-titre-26.png 1414w, https:\/\/ninamichoux.com\/wp-content\/uploads\/2026\/04\/Design-sans-titre-26-212x300.png 212w, https:\/\/ninamichoux.com\/wp-content\/uploads\/2026\/04\/Design-sans-titre-26-724x1024.png 724w, https:\/\/ninamichoux.com\/wp-content\/uploads\/2026\/04\/Design-sans-titre-26-768x1086.png 768w, https:\/\/ninamichoux.com\/wp-content\/uploads\/2026\/04\/Design-sans-titre-26-1086x1536.png 1086w\" sizes=\"(max-width: 1414px) 100vw, 1414px\" \/><\/figure>\n<\/div>\n<\/div>\n<\/div>\n\n\n\n<div class=\"wp-block-buttons is-content-justification-center is-layout-flex wp-container-core-buttons-is-layout-a6d9f191 wp-block-buttons-is-layout-flex\" style=\"margin-top:var(--wp--preset--spacing--40);margin-bottom:var(--wp--preset--spacing--40)\">\n<div class=\"wp-block-button is-style-outline is-style-outline--1\"><a class=\"wp-block-button__link has-ti-fg-color has-text-color has-link-color wp-element-button\" href=\"https:\/\/ninamichoux.com\/?page_id=386\">Commander le coffret ici<\/a><\/div>\n<\/div>\n","protected":false},"excerpt":{"rendered":"<p>Un ensemble de ressources holistiques (= physiques, \u00e9motionnelles, \u00e9nerg\u00e9tiques) pour aider les chats dans les diff\u00e9rentes \u00e9tapes de leur vie. Le coffret con\u00e7u pour les amoureux des chats Ce coffret offre des conseils et astuces pour vous et votre chat autour des 5 th\u00e9matiques suivantes : d\u00e9m\u00e9nagement, consultations chez le v\u00e9t\u00e9rinaire, rester seul \u00e0 la [&hellip;]<\/p>\n","protected":false},"author":1,"featured_media":0,"parent":0,"menu_order":0,"comment_status":"closed","ping_status":"closed","template":"","meta":{"footnotes":""},"class_list":["post-668","page","type-page","status-publish","hentry"],"_links":{"self":[{"href":"https:\/\/ninamichoux.com\/index.php?rest_route=\/wp\/v2\/pages\/668","targetHints":{"allow":["GET"]}}],"collection":[{"href":"https:\/\/ninamichoux.com\/index.php?rest_route=\/wp\/v2\/pages"}],"about":[{"href":"https:\/\/ninamichoux.com\/index.php?rest_route=\/wp\/v2\/types\/page"}],"author":[{"embeddable":true,"href":"https:\/\/ninamichoux.com\/index.php?rest_route=\/wp\/v2\/users\/1"}],"replies":[{"embeddable":true,"href":"https:\/\/ninamichoux.com\/index.php?rest_route=%2Fwp%2Fv2%2Fcomments&post=668"}],"version-history":[{"count":10,"href":"https:\/\/ninamichoux.com\/index.php?rest_route=\/wp\/v2\/pages\/668\/revisions"}],"predecessor-version":[{"id":684,"href":"https:\/\/ninamichoux.com\/index.php?rest_route=\/wp\/v2\/pages\/668\/revisions\/684"}],"wp:attachment":[{"href":"https:\/\/ninamichoux.com\/index.php?rest_route=%2Fwp%2Fv2%2Fmedia&parent=668"}],"curies":[{"name":"wp","href":"https:\/\/api.w.org\/{rel}","templated":true}]}}